{"id":4963,"date":"2023-07-17T22:23:41","date_gmt":"2023-07-17T22:23:41","guid":{"rendered":"https:\/\/visitantes.auger.org.ar\/?page_id=4963"},"modified":"2024-07-17T09:04:09","modified_gmt":"2024-07-17T12:04:09","slug":"objetivos-del-observatorio-2","status":"publish","type":"page","link":"https:\/\/visitantes.auger.org.ar\/index.php\/objetivos-del-observatorio-2\/","title":{"rendered":"OBJETIVOS DEL OBSERVATORIO"},"content":{"rendered":"\t\t<div data-elementor-type=\"wp-page\" data-elementor-id=\"4963\" class=\"elementor elementor-4963\">\n\t\t\t\t\t\t<section class=\"elementor-section elementor-top-section elementor-element elementor-element-4f6bf81b elementor-section-full_width elementor-section-height-min-height elementor-section-height-default elementor-section-items-middle\" data-id=\"4f6bf81b\" data-element_type=\"section\" data-e-type=\"section\" data-settings=\"{&quot;background_background&quot;:&quot;classic&quot;}\">\n\t\t\t\t\t\t\t<div class=\"elementor-background-overlay\"><\/div>\n\t\t\t\t\t\t\t<div class=\"elementor-container elementor-column-gap-default\">\n\t\t\t\t\t<div class=\"elementor-column elementor-col-100 elementor-top-column elementor-element elementor-element-6100e46f\" data-id=\"6100e46f\" data-element_type=\"column\" data-e-type=\"column\">\n\t\t\t<div class=\"elementor-widget-wrap elementor-element-populated\">\n\t\t\t\t\t\t<div class=\"elementor-element elementor-element-6146d699 elementor-widget elementor-widget-heading\" data-id=\"6146d699\" data-element_type=\"widget\" data-e-type=\"widget\" data-widget_type=\"heading.default\">\n\t\t\t\t<div class=\"elementor-widget-container\">\n\t\t\t\t\t<h2 class=\"elementor-heading-title elementor-size-default\">OBJETIVOS DEL OBSERVATORIO\n<\/h2>\t\t\t\t<\/div>\n\t\t\t\t<\/div>\n\t\t\t\t\t<\/div>\n\t\t<\/div>\n\t\t\t\t\t<\/div>\n\t\t<\/section>\n\t\t\t\t<section class=\"elementor-section elementor-top-section elementor-element elementor-element-7baa918 elementor-section-boxed elementor-section-height-default elementor-section-height-default\" data-id=\"7baa918\" data-element_type=\"section\" data-e-type=\"section\">\n\t\t\t\t\t\t<div class=\"elementor-container elementor-column-gap-default\">\n\t\t\t\t\t<div class=\"elementor-column elementor-col-50 elementor-top-column elementor-element elementor-element-885b0f6\" data-id=\"885b0f6\" data-element_type=\"column\" data-e-type=\"column\">\n\t\t\t<div class=\"elementor-widget-wrap elementor-element-populated\">\n\t\t\t\t\t\t<div class=\"elementor-element elementor-element-26e5044 elementor-widget elementor-widget-text-editor\" data-id=\"26e5044\" data-element_type=\"widget\" data-e-type=\"widget\" data-widget_type=\"text-editor.default\">\n\t\t\t\t<div class=\"elementor-widget-container\">\n\t\t\t\t\t\t\t\t\t<div class=\"wrap mcb-wrap one-second valign-top clearfix\"><div class=\"mcb-wrap-inner\"><div class=\"column mcb-column one column_column column-margin-0px\"><div class=\"column_attr clearfix\"><h3><strong>Finalidad Del Observatorio Pierre Auger<\/strong><\/h3><p class=\"big\">Estas enigm\u00e1ticas part\u00edculas, as\u00ed como otras de menor energ\u00eda, llegan a la Tierra desde el espacio exterior, y por ello se las denomina rayos c\u00f3smicos. Son predominantemente protones y otro n\u00facleos at\u00f3micos, por lo cual seria m\u00e1s apropiado llamarlas part\u00edculas c\u00f3smicas, pero se mantiene el nombre \u201crayos\u201d por razones hist\u00f3ricas.<\/p><\/div><\/div><div class=\"column mcb-column one column_image \"><div class=\"image_frame image_item no_link scale-with-grid no_border\"><div class=\"image_wrapper\"><img fetchpriority=\"high\" decoding=\"async\" class=\"scale-with-grid\" src=\"https:\/\/visitantes.auger.org.ar\/wp-content\/uploads\/2018\/02\/observatorio_3.jpg\" alt=\"observatorio_3\" width=\"665\" height=\"685\" \/><\/div><\/div><\/div><\/div><\/div><div class=\"wrap mcb-wrap one-second valign-top clearfix\"><div class=\"mcb-wrap-inner\"><div class=\"column mcb-column one column_column column-margin-\"><div class=\"column_attr clearfix\">\u00a0<\/div><\/div><\/div><\/div>\t\t\t\t\t\t\t\t<\/div>\n\t\t\t\t<\/div>\n\t\t\t\t\t<\/div>\n\t\t<\/div>\n\t\t\t\t<div class=\"elementor-column elementor-col-50 elementor-top-column elementor-element elementor-element-97d9ed8\" data-id=\"97d9ed8\" data-element_type=\"column\" data-e-type=\"column\">\n\t\t\t<div class=\"elementor-widget-wrap elementor-element-populated\">\n\t\t\t\t\t\t<div class=\"elementor-element elementor-element-6823527 elementor-widget elementor-widget-text-editor\" data-id=\"6823527\" data-element_type=\"widget\" data-e-type=\"widget\" data-widget_type=\"text-editor.default\">\n\t\t\t\t<div class=\"elementor-widget-container\">\n\t\t\t\t\t\t\t\t\t<div class=\"section mcb-section \"><div class=\"section_wrapper mcb-section-inner\"><div class=\"wrap mcb-wrap one-second valign-top clearfix\"><div class=\"mcb-wrap-inner\"><div class=\"column mcb-column one column_column column-margin-\"><div class=\"column_attr clearfix\"><p>El origen de los rayos c\u00f3smicos es intrigante, hay evidencias de que aquellos con energ\u00eda inferior a un determinado umbral tienen su origen en nuestra propia galaxia, la V\u00eda L\u00e1ctea. Se cree que la mayor\u00eda de ellos fueron acelerados en gigantescas ondas de choque producidas por las explosiones de estrellas que forman las llamadas supernovas, sucesos que ocurren en promedio una vez cada cien a\u00f1os en nuestra y otras galaxias. En cambio, no es evidente que dentro de la V\u00eda L\u00e1ctea se den las condiciones necesarias para acelerar rayos c\u00f3smicos m\u00e1s all\u00e1 del umbral. Las evidencias sugieren que los rayos c\u00f3smicos de m\u00e1s de 10<sup>18<\/sup>\u00a0eV no s\u00f3lo son extraterrestres sino tambi\u00e9n extragal\u00e1cticos.<\/p><p>Los rayos c\u00f3smicos son muy abundantes y se los detecta en un rango enorme de energ\u00eda. Aproximadamente diez mil part\u00edculas bombardean por segundo cada metro cuadrado de las capas superiores de la atm\u00f3sfera. Pero cuanto mayor es su energ\u00eda, menor es su abundancia. Los enigm\u00e1ticos rayos c\u00f3smicos con mayor velocidad y energ\u00eda son una fracci\u00f3n muy peque\u00f1a del total: solo unos pocos por siglo impactan en cada kil\u00f3metro cuadrado de la atm\u00f3sfera terrestre haciendo muy dif\u00edcil su detecci\u00f3n.<\/p><p>Ahora bien, si los rayos c\u00f3smicos m\u00e1s veloces son protones que fueron acelerados en galaxias muy lejanas, no deber\u00eda detectarse ni uno con energ\u00eda por encima de una cierta energ\u00eda de corte (10<sup>20<\/sup>\u00a0eV) pues los frena el fondo c\u00f3smico de radiaci\u00f3n. Este fondo esta compuesto por part\u00edculas de luz (fotones) de muy baja energ\u00eda, remanentes del Big Bang, que permean todo el universo. Pese a tener una energ\u00eda 10<sup>23<\/sup>\u00a0veces menor, un fot\u00f3n de la radiaci\u00f3n c\u00f3smica de fondo es capaz de frenar a un prot\u00f3n r\u00e1pido pues al chocar entre s\u00ed, producen una nueva part\u00edcula llamada pi\u00f3n, que se lleva una fracci\u00f3n considerable de la energ\u00eda del prot\u00f3n. La probabilidad de que produzca un choque tal es significativa, pues los fotones de la radiaci\u00f3n c\u00f3smica de fondo abundan: hay unos 400 en cada cent\u00edmetro c\u00fabico en todo el universo. Esto da origen a un efecto llamado GZK, por Greisen, Zatsepin y Kuzmin, los cient\u00edficos que lo calcularon en 1966, por el cual la mayor\u00eda de los protones o n\u00facleos at\u00f3micos con energ\u00edas m\u00e1s all\u00e1 del corte degradan su energ\u00eda por debajo de ese corte tras recorrer distancias superiores a los 150 millones de a\u00f1os luz. Esta distancia, muy grande a la escala humana, representa tan solo nuestro vecindario gal\u00e1ctico ya que observamos galaxias casi 100 veces m\u00e1s lejanas.<\/p><p>En s\u00edntesis, si los rayos c\u00f3smicos de mayor energ\u00eda son protones o n\u00facleos at\u00f3micos provenientes de galaxias muy lejanas, es casi imposible que llegue a la Tierra una part\u00edcula con energ\u00eda por encima del corte de 10<sup>20<\/sup>\u00a0eV.<\/p><\/div><\/div><\/div><\/div><\/div><\/div><div class=\"section mcb-section equal-height-wrap \"><div class=\"section_wrapper mcb-section-inner\"><div class=\"wrap mcb-wrap one-third valign-middle clearfix\"><div class=\"mcb-wrap-inner\"><div class=\"column mcb-column one column_image \"><div class=\"image_frame image_item no_link scale-with-grid no_border\"><div class=\"image_wrapper\">\u00a0<\/div><\/div><\/div><\/div><\/div><\/div><\/div>\t\t\t\t\t\t\t\t<\/div>\n\t\t\t\t<\/div>\n\t\t\t\t\t<\/div>\n\t\t<\/div>\n\t\t\t\t\t<\/div>\n\t\t<\/section>\n\t\t\t\t<section class=\"elementor-section elementor-top-section elementor-element elementor-element-6194968 elementor-section-boxed elementor-section-height-default elementor-section-height-default\" data-id=\"6194968\" data-element_type=\"section\" data-e-type=\"section\">\n\t\t\t\t\t\t<div class=\"elementor-container elementor-column-gap-default\">\n\t\t\t\t\t<div class=\"elementor-column elementor-col-50 elementor-top-column elementor-element elementor-element-19cb762\" data-id=\"19cb762\" data-element_type=\"column\" data-e-type=\"column\">\n\t\t\t<div class=\"elementor-widget-wrap elementor-element-populated\">\n\t\t\t\t\t\t<div class=\"elementor-element elementor-element-9518de4 elementor-widget elementor-widget-text-editor\" data-id=\"9518de4\" data-element_type=\"widget\" data-e-type=\"widget\" data-widget_type=\"text-editor.default\">\n\t\t\t\t<div class=\"elementor-widget-container\">\n\t\t\t\t\t\t\t\t\t<div class=\"section mcb-section \"><div class=\"section_wrapper mcb-section-inner\"><div class=\"wrap mcb-wrap one-second valign-top clearfix\"><div class=\"mcb-wrap-inner\"><div class=\"column mcb-column one column_column column-margin-\"><div class=\"column_attr clearfix\">\u00a0<\/div><\/div><\/div><\/div><\/div><\/div><div class=\"section mcb-section equal-height-wrap \"><div class=\"section_wrapper mcb-section-inner\"><div class=\"wrap mcb-wrap one-third valign-middle clearfix\"><div class=\"mcb-wrap-inner\"><div class=\"column mcb-column one column_image \"><div class=\"image_frame image_item no_link scale-with-grid no_border\"><div class=\"image_wrapper\"><img decoding=\"async\" class=\"scale-with-grid\" src=\"https:\/\/visitantes.auger.org.ar\/wp-content\/uploads\/2018\/02\/11071730_414564288712343_1276966635625513007_n.jpg\" alt=\"11071730_414564288712343_1276966635625513007_n\" width=\"800\" height=\"447\" \/><\/div><\/div><\/div><\/div><\/div><div class=\"wrap mcb-wrap two-third valign-middle clearfix\"><div class=\"mcb-wrap-inner\"><div class=\"column mcb-column one column_column column-margin-\"><div class=\"column_attr clearfix align_left\"><p class=\"big\">\u00a0<\/p><\/div><\/div><\/div><\/div><\/div><\/div>\t\t\t\t\t\t\t\t<\/div>\n\t\t\t\t<\/div>\n\t\t\t\t\t<\/div>\n\t\t<\/div>\n\t\t\t\t<div class=\"elementor-column elementor-col-50 elementor-top-column elementor-element elementor-element-2e06fdd\" data-id=\"2e06fdd\" data-element_type=\"column\" data-e-type=\"column\">\n\t\t\t<div class=\"elementor-widget-wrap elementor-element-populated\">\n\t\t\t\t\t\t<div class=\"elementor-element elementor-element-2a89af2 elementor-widget elementor-widget-text-editor\" data-id=\"2a89af2\" data-element_type=\"widget\" data-e-type=\"widget\" data-widget_type=\"text-editor.default\">\n\t\t\t\t<div class=\"elementor-widget-container\">\n\t\t\t\t\t\t\t\t\t<p class=\"big\"><strong>El objetivo del Observatorio Pierre Auger es determinar el origen y la identidad de los rayos c\u00f3smicos y dar otro paso adelante en la comprensi\u00f3n de nuestro universo.<\/strong><\/p><p>Estos estudios inician otra manera de hacer astronom\u00eda, basada en la observaci\u00f3n de rayos c\u00f3smicos de alta energ\u00eda, que aportar\u00e1 una informaci\u00f3n distinta de la que se obtiene con el modo tradicional basado en la observaci\u00f3n de luz visible u otras formas de radiaci\u00f3n electromagn\u00e9tica.<\/p>\t\t\t\t\t\t\t\t<\/div>\n\t\t\t\t<\/div>\n\t\t\t\t\t<\/div>\n\t\t<\/div>\n\t\t\t\t\t<\/div>\n\t\t<\/section>\n\t\t\t\t<\/div>\n\t\t","protected":false},"excerpt":{"rendered":"<p>OBJETIVOS DEL OBSERVATORIO Finalidad Del Observatorio Pierre Auger Estas enigm\u00e1ticas part\u00edculas, as\u00ed como otras de menor energ\u00eda, llegan a la Tierra desde el espacio exterior, y por ello se las denomina rayos c\u00f3smicos. Son predominantemente protones y otro n\u00facleos at\u00f3micos, por lo cual seria m\u00e1s apropiado llamarlas part\u00edculas c\u00f3smicas, pero se mantiene el nombre \u201crayos\u201d [&hellip;]<\/p>\n","protected":false},"author":6,"featured_media":0,"parent":0,"menu_order":0,"comment_status":"closed","ping_status":"closed","template":"","meta":{"footnotes":""},"class_list":["post-4963","page","type-page","status-publish","hentry"],"jetpack_sharing_enabled":true,"rttpg_featured_image_url":null,"rttpg_author":{"display_name":"Beatriz Garcia","author_link":"https:\/\/visitantes.auger.org.ar\/index.php\/author\/beatriz\/"},"rttpg_comment":0,"rttpg_category":null,"rttpg_excerpt":"OBJETIVOS DEL OBSERVATORIO Finalidad Del Observatorio Pierre Auger Estas enigm\u00e1ticas part\u00edculas, as\u00ed como otras de menor energ\u00eda, llegan a la Tierra desde el espacio exterior, y por ello se las denomina rayos c\u00f3smicos. Son predominantemente protones y otro n\u00facleos at\u00f3micos, por lo cual seria m\u00e1s apropiado llamarlas part\u00edculas c\u00f3smicas, pero se mantiene el nombre \u201crayos\u201d&hellip;","_links":{"self":[{"href":"https:\/\/visitantes.auger.org.ar\/index.php\/wp-json\/wp\/v2\/pages\/4963","targetHints":{"allow":["GET"]}}],"collection":[{"href":"https:\/\/visitantes.auger.org.ar\/index.php\/wp-json\/wp\/v2\/pages"}],"about":[{"href":"https:\/\/visitantes.auger.org.ar\/index.php\/wp-json\/wp\/v2\/types\/page"}],"author":[{"embeddable":true,"href":"https:\/\/visitantes.auger.org.ar\/index.php\/wp-json\/wp\/v2\/users\/6"}],"replies":[{"embeddable":true,"href":"https:\/\/visitantes.auger.org.ar\/index.php\/wp-json\/wp\/v2\/comments?post=4963"}],"version-history":[{"count":10,"href":"https:\/\/visitantes.auger.org.ar\/index.php\/wp-json\/wp\/v2\/pages\/4963\/revisions"}],"predecessor-version":[{"id":7529,"href":"https:\/\/visitantes.auger.org.ar\/index.php\/wp-json\/wp\/v2\/pages\/4963\/revisions\/7529"}],"wp:attachment":[{"href":"https:\/\/visitantes.auger.org.ar\/index.php\/wp-json\/wp\/v2\/media?parent=4963"}],"curies":[{"name":"wp","href":"https:\/\/api.w.org\/{rel}","templated":true}]}}