{"id":4996,"date":"2023-07-17T22:36:01","date_gmt":"2023-07-17T22:36:01","guid":{"rendered":"https:\/\/visitantes.auger.org.ar\/?page_id=4996"},"modified":"2024-07-17T09:07:18","modified_gmt":"2024-07-17T12:07:18","slug":"agencias-de-financiacion-2","status":"publish","type":"page","link":"https:\/\/visitantes.auger.org.ar\/index.php\/agencias-de-financiacion-2\/","title":{"rendered":"AGENCIAS DE FINANCIACI\u00d3N"},"content":{"rendered":"\t\t<div data-elementor-type=\"wp-page\" data-elementor-id=\"4996\" class=\"elementor elementor-4996\">\n\t\t\t\t\t\t<section class=\"elementor-section elementor-top-section elementor-element elementor-element-137717fa elementor-section-full_width elementor-section-height-min-height elementor-section-height-default elementor-section-items-middle\" data-id=\"137717fa\" data-element_type=\"section\" data-e-type=\"section\" data-settings=\"{&quot;background_background&quot;:&quot;classic&quot;}\">\n\t\t\t\t\t\t\t<div class=\"elementor-background-overlay\"><\/div>\n\t\t\t\t\t\t\t<div class=\"elementor-container elementor-column-gap-default\">\n\t\t\t\t\t<div class=\"elementor-column elementor-col-100 elementor-top-column elementor-element elementor-element-661fab60\" data-id=\"661fab60\" data-element_type=\"column\" data-e-type=\"column\">\n\t\t\t<div class=\"elementor-widget-wrap elementor-element-populated\">\n\t\t\t\t\t\t<div class=\"elementor-element elementor-element-65dbffee elementor-widget elementor-widget-heading\" data-id=\"65dbffee\" data-element_type=\"widget\" data-e-type=\"widget\" data-widget_type=\"heading.default\">\n\t\t\t\t<div class=\"elementor-widget-container\">\n\t\t\t\t\t<h2 class=\"elementor-heading-title elementor-size-default\">AGENCIAS DE FINANCIACI\u00d3N\n<\/h2>\t\t\t\t<\/div>\n\t\t\t\t<\/div>\n\t\t\t\t\t<\/div>\n\t\t<\/div>\n\t\t\t\t\t<\/div>\n\t\t<\/section>\n\t\t\t\t<section class=\"elementor-section elementor-top-section elementor-element elementor-element-953a359 elementor-section-boxed elementor-section-height-default elementor-section-height-default\" data-id=\"953a359\" data-element_type=\"section\" data-e-type=\"section\">\n\t\t\t\t\t\t<div class=\"elementor-container elementor-column-gap-default\">\n\t\t\t\t\t<div class=\"elementor-column elementor-col-100 elementor-top-column elementor-element elementor-element-f6eae3e\" data-id=\"f6eae3e\" data-element_type=\"column\" data-e-type=\"column\">\n\t\t\t<div class=\"elementor-widget-wrap elementor-element-populated\">\n\t\t\t\t\t\t<div class=\"elementor-element elementor-element-778def4 elementor-widget elementor-widget-text-editor\" data-id=\"778def4\" data-element_type=\"widget\" data-e-type=\"widget\" data-widget_type=\"text-editor.default\">\n\t\t\t\t<div class=\"elementor-widget-container\">\n\t\t\t\t\t\t\t\t\t<div id=\"Content\"><div class=\"content_wrapper clearfix\"><div class=\"sections_group\"><div class=\"entry-content\"><div class=\"section mcb-section equal-height-wrap \"><div class=\"section_wrapper mcb-section-inner\"><div class=\"wrap mcb-wrap one-second valign-top clearfix\"><div class=\"mcb-wrap-inner\"><div class=\"column mcb-column one column_column column-margin-\"><div class=\"column_attr clearfix\"><h3><strong>ALEMANIA<\/strong><\/h3><ul><li>Bundesministerium f\u00fcr Bildung und Forschung (BMBF)<\/li><li>Deutsche Forschungsgemeinschaft (DFG)<\/li><li>Finanzministerium Baden-W\u00fcrttemberg<\/li><li>Helmholtz-Gemeinschaft Deutscher Forschungszentren (HGF)<\/li><li>Ministerium f\u00fcr Wissenschaft und Forschung, Nordrhein Westfalen<\/li><li>Ministerium f\u00fcr Wissenschaft, Forschung und Kunst, Baden-W\u00fcrttemberg<\/li><\/ul><\/div><\/div><div class=\"column mcb-column one column_column column-margin-\"><div class=\"column_attr clearfix\"><h3><strong>ARGENTINA<\/strong><\/h3><ul><li>Comisi\u00f3n Nacional de Energ\u00eda At\u00f3mica<\/li><li>Fundaci\u00f3n Antorchas<\/li><li>Gobierno De La Provincia de Mendoza<\/li><li>Municipalidad de Malarg\u00fce<\/li><\/ul><\/div><\/div><div class=\"column mcb-column one column_column column-margin-\"><div class=\"column_attr clearfix\"><h3><strong>AUSTRALIA<\/strong><\/h3><ul><li>The Australian Research Council<\/li><\/ul><\/div><\/div><div class=\"column mcb-column one column_column column-margin-\"><div class=\"column_attr clearfix\"><h3><strong>BRASIL<\/strong><\/h3><ul><li>Conselho Nacional de Desenvolvimento Cient\u00edfico e Tecnol\u00f3gico (CNPq)<\/li><li>Financiadora de Estudos e Projetos (FINEP)<\/li><li>Funda\u00e7\u00e3o de Amparo \u00e0 Pesquisa do Estado de Rio de Janeiro (FAPERJ)<\/li><li>Funda\u00e7\u00e3o de Amparo \u00e0 Pesquisa do Estado de S\u00e3o Paulo (FAPESP)<\/li><li>Minist\u00e9rio de Ci\u00eancia e Tecnologia (MCT)<\/li><\/ul><\/div><\/div><div class=\"column mcb-column one column_column column-margin-\"><div class=\"column_attr clearfix\"><h3><strong>ESLOVENIA<\/strong><\/h3><ul><li>Ministry for Higher Education, Science, and Technology<\/li><li>Slovenian Research Agency<\/li><\/ul><\/div><\/div><div class=\"column mcb-column one column_column column-margin-\"><div class=\"column_attr clearfix\"><h3><strong>ESPA\u00d1A<\/strong><\/h3><ul><li>Comunidad de Madrid<\/li><li>Consejer\u00eda de Educac\u00edon de la Comunidad de Castilla La Mancha<\/li><li>FEDER funds<\/li><li>Ministerio de Educac\u00edon y Ciencia<\/li><li>Xunta de Galicia<\/li><li>Generalitat Valenciana<\/li><\/ul><\/div><\/div><\/div><\/div><div class=\"wrap mcb-wrap one-second valign-top clearfix\"><div class=\"mcb-wrap-inner\"><div class=\"column mcb-column one column_column column-margin-\"><div class=\"column_attr clearfix\"><h3><strong>ESTADOS UNIDOS<\/strong><\/h3><ul><li>Department of Energy<\/li><li>National Science Foundation<\/li><li>The Grainger Foundation<\/li><\/ul><\/div><\/div><div class=\"column mcb-column one column_column column-margin-\"><div class=\"column_attr clearfix\"><h3><strong>FRANCIA<\/strong><\/h3><ul><li>Centre National de la Recherche Scientifique (CNRS)<\/li><li>Conseil R\u00e9gional Ile-de-France<\/li><li>D\u00e9partement Physique Nucl\u00e9aire et Corpusculaire (PNC-IN2P3\/CNRS)<\/li><li>D\u00e9partement Sciences de l&#8217;Univers (SDU-INSU\/CNRS)<\/li><\/ul><\/div><\/div><div class=\"column mcb-column one column_column column-margin-\"><div class=\"column_attr clearfix\"><h3><strong>HOLANDA<\/strong><\/h3><ul><li>Ministerie van Onderwijs, Cultuur en Wetenschap<\/li><li>Nederlandse Organisatie voor Wetenschappelijk Onderzoek (NWO)<\/li><li>Stichting voor Fundamenteel Onderzoek der Materie (FOM)<\/li><\/ul><\/div><\/div><div class=\"column mcb-column one column_column column-margin-\"><div class=\"column_attr clearfix\"><h3><strong>ITALIA<\/strong><\/h3><ul><li>Istituto Nazionale di Fisica Nucleare (INFN)<\/li><li>Ministero dell&#8217;Istruzione, dell&#8217;Universit\u00e0 e della Ricerca (MIUR)<\/li><\/ul><\/div><\/div><div class=\"column mcb-column one column_column column-margin-\"><div class=\"column_attr clearfix\"><h3><strong>M\u00c9XICO<\/strong><\/h3><ul><li>Consejo Nacional de Ciencia y Tecnolog\u00eda (CONACyT)<\/li><\/ul><\/div><\/div><div class=\"column mcb-column one column_column column-margin-\"><div class=\"column_attr clearfix\"><h3><strong>POLONIA<\/strong><\/h3><ul><li>Ministry of Science and Higher Education<\/li><\/ul><\/div><\/div><div class=\"column mcb-column one column_column column-margin-\"><div class=\"column_attr clearfix\"><h3><strong>PORTUGAL<\/strong><\/h3><ul><li>Funda\u00e7\u00e3o para a Ci\u00eancia e a Tecnologia<\/li><\/ul><\/div><\/div><div class=\"column mcb-column one column_column column-margin-\"><div class=\"column_attr clearfix\"><h3><strong>REINO UNIDO<\/strong><\/h3><ul><li>Science and Technology Facilities Council<\/li><\/ul><\/div><\/div><div class=\"column mcb-column one column_column column-margin-\"><div class=\"column_attr clearfix\"><h3><strong>REP\u00daBLICA CHECA<\/strong><\/h3><ul><li>Ministry of Education, Youth and Sports of the Czech Republic<\/li><\/ul><\/div><\/div><\/div><\/div><\/div><\/div><\/div><\/div><\/div><\/div>\t\t\t\t\t\t\t\t<\/div>\n\t\t\t\t<\/div>\n\t\t\t\t\t<\/div>\n\t\t<\/div>\n\t\t\t\t\t<\/div>\n\t\t<\/section>\n\t\t\t\t<\/div>\n\t\t","protected":false},"excerpt":{"rendered":"<p>AGENCIAS DE FINANCIACI\u00d3N ALEMANIA Bundesministerium f\u00fcr Bildung und Forschung (BMBF) Deutsche Forschungsgemeinschaft (DFG) Finanzministerium Baden-W\u00fcrttemberg Helmholtz-Gemeinschaft Deutscher Forschungszentren (HGF) Ministerium f\u00fcr Wissenschaft und Forschung, Nordrhein Westfalen Ministerium f\u00fcr Wissenschaft, Forschung und Kunst, Baden-W\u00fcrttemberg ARGENTINA Comisi\u00f3n Nacional de Energ\u00eda At\u00f3mica Fundaci\u00f3n Antorchas Gobierno De La Provincia de Mendoza Municipalidad de Malarg\u00fce AUSTRALIA The Australian Research Council [&hellip;]<\/p>\n","protected":false},"author":6,"featured_media":0,"parent":0,"menu_order":0,"comment_status":"closed","ping_status":"closed","template":"","meta":{"footnotes":""},"class_list":["post-4996","page","type-page","status-publish","hentry"],"jetpack_sharing_enabled":true,"rttpg_featured_image_url":null,"rttpg_author":{"display_name":"Beatriz Garcia","author_link":"https:\/\/visitantes.auger.org.ar\/index.php\/author\/beatriz\/"},"rttpg_comment":0,"rttpg_category":null,"rttpg_excerpt":"AGENCIAS DE FINANCIACI\u00d3N ALEMANIA Bundesministerium f\u00fcr Bildung und Forschung (BMBF) Deutsche Forschungsgemeinschaft (DFG) Finanzministerium Baden-W\u00fcrttemberg Helmholtz-Gemeinschaft Deutscher Forschungszentren (HGF) Ministerium f\u00fcr Wissenschaft und Forschung, Nordrhein Westfalen Ministerium f\u00fcr Wissenschaft, Forschung und Kunst, Baden-W\u00fcrttemberg ARGENTINA Comisi\u00f3n Nacional de Energ\u00eda At\u00f3mica Fundaci\u00f3n Antorchas Gobierno De La Provincia de Mendoza Municipalidad de Malarg\u00fce AUSTRALIA The Australian Research Council&hellip;","_links":{"self":[{"href":"https:\/\/visitantes.auger.org.ar\/index.php\/wp-json\/wp\/v2\/pages\/4996","targetHints":{"allow":["GET"]}}],"collection":[{"href":"https:\/\/visitantes.auger.org.ar\/index.php\/wp-json\/wp\/v2\/pages"}],"about":[{"href":"https:\/\/visitantes.auger.org.ar\/index.php\/wp-json\/wp\/v2\/types\/page"}],"author":[{"embeddable":true,"href":"https:\/\/visitantes.auger.org.ar\/index.php\/wp-json\/wp\/v2\/users\/6"}],"replies":[{"embeddable":true,"href":"https:\/\/visitantes.auger.org.ar\/index.php\/wp-json\/wp\/v2\/comments?post=4996"}],"version-history":[{"count":10,"href":"https:\/\/visitantes.auger.org.ar\/index.php\/wp-json\/wp\/v2\/pages\/4996\/revisions"}],"predecessor-version":[{"id":7553,"href":"https:\/\/visitantes.auger.org.ar\/index.php\/wp-json\/wp\/v2\/pages\/4996\/revisions\/7553"}],"wp:attachment":[{"href":"https:\/\/visitantes.auger.org.ar\/index.php\/wp-json\/wp\/v2\/media?parent=4996"}],"curies":[{"name":"wp","href":"https:\/\/api.w.org\/{rel}","templated":true}]}}