{"id":5113,"date":"2023-07-18T11:59:47","date_gmt":"2023-07-18T11:59:47","guid":{"rendered":"https:\/\/visitantes.auger.org.ar\/?page_id=5113"},"modified":"2024-07-17T09:15:39","modified_gmt":"2024-07-17T12:15:39","slug":"heat-high-elevation-atmospheric-telescopes","status":"publish","type":"page","link":"https:\/\/visitantes.auger.org.ar\/index.php\/heat-high-elevation-atmospheric-telescopes\/","title":{"rendered":"HEAT \u2013 High Elevation Atmospheric Telescopes"},"content":{"rendered":"\t\t<div data-elementor-type=\"wp-page\" data-elementor-id=\"5113\" class=\"elementor elementor-5113\">\n\t\t\t\t\t\t<section class=\"elementor-section elementor-top-section elementor-element elementor-element-1eaaead elementor-section-full_width elementor-section-height-min-height elementor-section-height-default elementor-section-items-middle\" data-id=\"1eaaead\" data-element_type=\"section\" data-e-type=\"section\" data-settings=\"{&quot;background_background&quot;:&quot;classic&quot;}\">\n\t\t\t\t\t\t\t<div class=\"elementor-background-overlay\"><\/div>\n\t\t\t\t\t\t\t<div class=\"elementor-container elementor-column-gap-default\">\n\t\t\t\t\t<div class=\"elementor-column elementor-col-100 elementor-top-column elementor-element elementor-element-6024acea\" data-id=\"6024acea\" data-element_type=\"column\" data-e-type=\"column\">\n\t\t\t<div class=\"elementor-widget-wrap elementor-element-populated\">\n\t\t\t\t\t\t<div class=\"elementor-element elementor-element-4d00808d elementor-widget elementor-widget-heading\" data-id=\"4d00808d\" data-element_type=\"widget\" data-e-type=\"widget\" data-widget_type=\"heading.default\">\n\t\t\t\t<div class=\"elementor-widget-container\">\n\t\t\t\t\t<h2 class=\"elementor-heading-title elementor-size-default\">HEAT \u2013 High Elevation Atmospheric Telescopes\n<\/h2>\t\t\t\t<\/div>\n\t\t\t\t<\/div>\n\t\t\t\t\t<\/div>\n\t\t<\/div>\n\t\t\t\t\t<\/div>\n\t\t<\/section>\n\t\t\t\t<section class=\"elementor-section elementor-top-section elementor-element elementor-element-1e1ae1f elementor-section-boxed elementor-section-height-default elementor-section-height-default\" data-id=\"1e1ae1f\" data-element_type=\"section\" data-e-type=\"section\">\n\t\t\t\t\t\t<div class=\"elementor-container elementor-column-gap-default\">\n\t\t\t\t\t<div class=\"elementor-column elementor-col-33 elementor-top-column elementor-element elementor-element-1c0c4fe\" data-id=\"1c0c4fe\" data-element_type=\"column\" data-e-type=\"column\">\n\t\t\t<div class=\"elementor-widget-wrap elementor-element-populated\">\n\t\t\t\t\t\t<div class=\"elementor-element elementor-element-b540be4 elementor-widget elementor-widget-text-editor\" data-id=\"b540be4\" data-element_type=\"widget\" data-e-type=\"widget\" data-widget_type=\"text-editor.default\">\n\t\t\t\t<div class=\"elementor-widget-container\">\n\t\t\t\t\t\t\t\t\t<p><img fetchpriority=\"high\" decoding=\"async\" class=\"scale-with-grid\" src=\"https:\/\/visitantes.auger.org.ar\/wp-content\/uploads\/2011\/06\/proyecto-heat.jpg\" alt=\"Telescopios Heat\" width=\"538\" height=\"360\" \/><\/p>\t\t\t\t\t\t\t\t<\/div>\n\t\t\t\t<\/div>\n\t\t\t\t\t<\/div>\n\t\t<\/div>\n\t\t\t\t<div class=\"elementor-column elementor-col-66 elementor-top-column elementor-element elementor-element-eba4d15\" data-id=\"eba4d15\" data-element_type=\"column\" data-e-type=\"column\">\n\t\t\t<div class=\"elementor-widget-wrap elementor-element-populated\">\n\t\t\t\t\t\t<div class=\"elementor-element elementor-element-8e05024 elementor-widget elementor-widget-text-editor\" data-id=\"8e05024\" data-element_type=\"widget\" data-e-type=\"widget\" data-widget_type=\"text-editor.default\">\n\t\t\t\t<div class=\"elementor-widget-container\">\n\t\t\t\t\t\t\t\t\t<div class=\"section mcb-section \"><div class=\"section_wrapper mcb-section-inner\"><div class=\"wrap mcb-wrap one-second valign-top clearfix\"><div class=\"mcb-wrap-inner\"><div class=\"column mcb-column one column_column column-margin-\"><div class=\"column_attr clearfix\"><p class=\"big\">El Observatorio Auger fue dise\u00f1ado para observar cascadas de part\u00edculas, producidas por rayos c\u00f3smicos de energ\u00edas de m\u00e1s de 10<sup>18\u00a0<\/sup>electr\u00f3n-voltios (eV). Ahora, el proyecto HEAT (por su nombre en ingl\u00e9s: High Elevation Atmospheric Telescopes) permite detectar rayos c\u00f3smicos con energ\u00edas diez veces m\u00e1s bajas (10<sup>17<\/sup>\u00a0eV), utilizando telescopios de fluorescencia similares a los de Auger, pero que observan la atm\u00f3sfera\u00a0a\u00a0mayores alturas.<\/p><p>Se trata de tres telescopios de fluorescencia instalados en Cerro Coihueco. Si bien los telescopios son id\u00e9nticos a los 24 telescopios de fluorescencia del Observatorio Auger, hay una caracter\u00edstica que los distingue: est\u00e1n montados en sendos contenedores que pueden ser inclinados en un \u00e1ngulo de 60 grados, de forma tal que los telescopios observen regiones m\u00e1s altas de la atm\u00f3sfera. Esto permite detectar lluvias atmosf\u00e9ricas que se producen a mayor altura, producidas por rayos c\u00f3smicos de menor energ\u00eda.\u00a0Su estudio permitir\u00e1 avanzar en el estudio de la composici\u00f3n de estos rayos c\u00f3smicos (es decir, saber qu\u00e9 tipo de part\u00edcula es el rayo c\u00f3smico primario).<\/p><p>Los rayos c\u00f3smicos de energ\u00edas m\u00e1s bajas provienen de nuestra propia Galaxia, la V\u00eda L\u00e1ctea, mientras que los de las m\u00e1s altas energ\u00edas posiblemente sean extragal\u00e1cticos. Ampliar el rango de energ\u00edas con HEAT y estudiar la composici\u00f3n de los rayos c\u00f3smicos permitir\u00e1 deducir a qu\u00e9 valores de energ\u00eda se produce la transici\u00f3n entre la componente gal\u00e1ctica a la extragal\u00e1ctica.<\/p><\/div><\/div><div class=\"column mcb-column one column_divider \"><hr class=\"no_line\" \/><\/div><\/div><\/div><\/div><\/div><div class=\"section mcb-section \"><div class=\"section_wrapper mcb-section-inner\"><div class=\"wrap mcb-wrap one valign-top clearfix\"><div class=\"mcb-wrap-inner\"><div class=\"column mcb-column one column_content \"><div class=\"the_content\"><div class=\"the_content_wrapper\"><div id=\"gallery-2\" class=\"gallery galleryid-101 gallery-columns-4 gallery-size-thumbnail file\"><dl class=\"gallery-item\"><dt class=\"gallery-icon landscape\"><div class=\"image_frame scale-with-grid\"><div class=\"image_wrapper\"><div class=\"mask\">\u00a0<\/div><\/div><\/div><\/dt><\/dl><\/div><\/div><\/div><\/div><\/div><\/div><\/div><\/div>\t\t\t\t\t\t\t\t<\/div>\n\t\t\t\t<\/div>\n\t\t\t\t\t<\/div>\n\t\t<\/div>\n\t\t\t\t\t<\/div>\n\t\t<\/section>\n\t\t\t\t<section class=\"elementor-section elementor-top-section elementor-element elementor-element-8bbb1d3 elementor-section-boxed elementor-section-height-default elementor-section-height-default\" data-id=\"8bbb1d3\" data-element_type=\"section\" data-e-type=\"section\">\n\t\t\t\t\t\t<div class=\"elementor-container elementor-column-gap-default\">\n\t\t\t\t\t<div class=\"elementor-column elementor-col-100 elementor-top-column elementor-element elementor-element-c55e178\" data-id=\"c55e178\" data-element_type=\"column\" data-e-type=\"column\">\n\t\t\t<div class=\"elementor-widget-wrap elementor-element-populated\">\n\t\t\t\t\t\t<div class=\"elementor-element elementor-element-cbb824e elementor-widget elementor-widget-image-gallery\" data-id=\"cbb824e\" data-element_type=\"widget\" data-e-type=\"widget\" data-widget_type=\"image-gallery.default\">\n\t\t\t\t<div class=\"elementor-widget-container\">\n\t\t\t\t\t\t\t<div class=\"elementor-image-gallery\">\n\t\t\t<div id='gallery-1' class='gallery galleryid-5113 gallery-columns-4 gallery-size-thumbnail'><figure class='gallery-item'>\n\t\t\t<div class='gallery-icon landscape'>\n\t\t\t\t<a data-elementor-open-lightbox=\"yes\" data-elementor-lightbox-slideshow=\"cbb824e\" data-elementor-lightbox-title=\"Cerro Coihueco\" data-e-action-hash=\"#elementor-action%3Aaction%3Dlightbox%26settings%3DeyJpZCI6Mjk3MywidXJsIjoiaHR0cHM6XC9cL3Zpc2l0YW50ZXMuYXVnZXIub3JnLmFyXC93cC1jb250ZW50XC91cGxvYWRzXC8yMDE4XC8wNVwvQ2Vycm8tQ29paHVlY28uanBnIiwic2xpZGVzaG93IjoiY2JiODI0ZSJ9\" href='https:\/\/visitantes.auger.org.ar\/wp-content\/uploads\/2018\/05\/Cerro-Coihueco.jpg'><img decoding=\"async\" width=\"250\" height=\"250\" src=\"https:\/\/visitantes.auger.org.ar\/wp-content\/uploads\/2018\/05\/Cerro-Coihueco-250x250.jpg\" class=\"attachment-thumbnail size-thumbnail\" alt=\"\" srcset=\"https:\/\/visitantes.auger.org.ar\/wp-content\/uploads\/2018\/05\/Cerro-Coihueco-250x250.jpg 250w, https:\/\/visitantes.auger.org.ar\/wp-content\/uploads\/2018\/05\/Cerro-Coihueco-85x85.jpg 85w, https:\/\/visitantes.auger.org.ar\/wp-content\/uploads\/2018\/05\/Cerro-Coihueco-80x80.jpg 80w\" sizes=\"(max-width: 250px) 100vw, 250px\" \/><\/a>\n\t\t\t<\/div><\/figure><figure class='gallery-item'>\n\t\t\t<div class='gallery-icon landscape'>\n\t\t\t\t<a data-elementor-open-lightbox=\"yes\" data-elementor-lightbox-slideshow=\"cbb824e\" data-elementor-lightbox-title=\"DSC_0011\" data-e-action-hash=\"#elementor-action%3Aaction%3Dlightbox%26settings%3DeyJpZCI6Mjk3NCwidXJsIjoiaHR0cHM6XC9cL3Zpc2l0YW50ZXMuYXVnZXIub3JnLmFyXC93cC1jb250ZW50XC91cGxvYWRzXC8yMDE4XC8wNVwvRFNDXzAwMTEuanBnIiwic2xpZGVzaG93IjoiY2JiODI0ZSJ9\" href='https:\/\/visitantes.auger.org.ar\/wp-content\/uploads\/2018\/05\/DSC_0011.jpg'><img decoding=\"async\" width=\"250\" height=\"250\" src=\"https:\/\/visitantes.auger.org.ar\/wp-content\/uploads\/2018\/05\/DSC_0011-250x250.jpg\" class=\"attachment-thumbnail size-thumbnail\" alt=\"\" srcset=\"https:\/\/visitantes.auger.org.ar\/wp-content\/uploads\/2018\/05\/DSC_0011-250x250.jpg 250w, https:\/\/visitantes.auger.org.ar\/wp-content\/uploads\/2018\/05\/DSC_0011-85x85.jpg 85w, https:\/\/visitantes.auger.org.ar\/wp-content\/uploads\/2018\/05\/DSC_0011-80x80.jpg 80w\" sizes=\"(max-width: 250px) 100vw, 250px\" \/><\/a>\n\t\t\t<\/div><\/figure><figure class='gallery-item'>\n\t\t\t<div class='gallery-icon landscape'>\n\t\t\t\t<a data-elementor-open-lightbox=\"yes\" data-elementor-lightbox-slideshow=\"cbb824e\" data-elementor-lightbox-title=\"DSC_0035\" data-e-action-hash=\"#elementor-action%3Aaction%3Dlightbox%26settings%3DeyJpZCI6Mjk3NSwidXJsIjoiaHR0cHM6XC9cL3Zpc2l0YW50ZXMuYXVnZXIub3JnLmFyXC93cC1jb250ZW50XC91cGxvYWRzXC8yMDE4XC8wNVwvRFNDXzAwMzUuanBnIiwic2xpZGVzaG93IjoiY2JiODI0ZSJ9\" href='https:\/\/visitantes.auger.org.ar\/wp-content\/uploads\/2018\/05\/DSC_0035.jpg'><img loading=\"lazy\" decoding=\"async\" width=\"250\" height=\"250\" src=\"https:\/\/visitantes.auger.org.ar\/wp-content\/uploads\/2018\/05\/DSC_0035-250x250.jpg\" class=\"attachment-thumbnail size-thumbnail\" alt=\"\" srcset=\"https:\/\/visitantes.auger.org.ar\/wp-content\/uploads\/2018\/05\/DSC_0035-250x250.jpg 250w, https:\/\/visitantes.auger.org.ar\/wp-content\/uploads\/2018\/05\/DSC_0035-85x85.jpg 85w, https:\/\/visitantes.auger.org.ar\/wp-content\/uploads\/2018\/05\/DSC_0035-80x80.jpg 80w\" sizes=\"(max-width: 250px) 100vw, 250px\" \/><\/a>\n\t\t\t<\/div><\/figure><figure class='gallery-item'>\n\t\t\t<div class='gallery-icon landscape'>\n\t\t\t\t<a data-elementor-open-lightbox=\"yes\" data-elementor-lightbox-slideshow=\"cbb824e\" data-elementor-lightbox-title=\"DSC_0045\" data-e-action-hash=\"#elementor-action%3Aaction%3Dlightbox%26settings%3DeyJpZCI6Mjk3NiwidXJsIjoiaHR0cHM6XC9cL3Zpc2l0YW50ZXMuYXVnZXIub3JnLmFyXC93cC1jb250ZW50XC91cGxvYWRzXC8yMDE4XC8wNVwvRFNDXzAwNDUuanBnIiwic2xpZGVzaG93IjoiY2JiODI0ZSJ9\" href='https:\/\/visitantes.auger.org.ar\/wp-content\/uploads\/2018\/05\/DSC_0045.jpg'><img loading=\"lazy\" decoding=\"async\" width=\"250\" height=\"250\" src=\"https:\/\/visitantes.auger.org.ar\/wp-content\/uploads\/2018\/05\/DSC_0045-250x250.jpg\" class=\"attachment-thumbnail size-thumbnail\" alt=\"\" srcset=\"https:\/\/visitantes.auger.org.ar\/wp-content\/uploads\/2018\/05\/DSC_0045-250x250.jpg 250w, https:\/\/visitantes.auger.org.ar\/wp-content\/uploads\/2018\/05\/DSC_0045-85x85.jpg 85w, https:\/\/visitantes.auger.org.ar\/wp-content\/uploads\/2018\/05\/DSC_0045-80x80.jpg 80w\" sizes=\"(max-width: 250px) 100vw, 250px\" \/><\/a>\n\t\t\t<\/div><\/figure>\n\t\t<\/div>\n\t\t<\/div>\n\t\t\t\t\t\t<\/div>\n\t\t\t\t<\/div>\n\t\t\t\t\t<\/div>\n\t\t<\/div>\n\t\t\t\t\t<\/div>\n\t\t<\/section>\n\t\t\t\t<\/div>\n\t\t","protected":false},"excerpt":{"rendered":"<p>HEAT \u2013 High Elevation Atmospheric Telescopes El Observatorio Auger fue dise\u00f1ado para observar cascadas de part\u00edculas, producidas por rayos c\u00f3smicos de energ\u00edas de m\u00e1s de 1018\u00a0electr\u00f3n-voltios (eV). Ahora, el proyecto HEAT (por su nombre en ingl\u00e9s: High Elevation Atmospheric Telescopes) permite detectar rayos c\u00f3smicos con energ\u00edas diez veces m\u00e1s bajas (1017\u00a0eV), utilizando telescopios de fluorescencia [&hellip;]<\/p>\n","protected":false},"author":6,"featured_media":0,"parent":0,"menu_order":0,"comment_status":"closed","ping_status":"closed","template":"","meta":{"footnotes":""},"class_list":["post-5113","page","type-page","status-publish","hentry"],"jetpack_sharing_enabled":true,"rttpg_featured_image_url":null,"rttpg_author":{"display_name":"Beatriz Garcia","author_link":"https:\/\/visitantes.auger.org.ar\/index.php\/author\/beatriz\/"},"rttpg_comment":0,"rttpg_category":null,"rttpg_excerpt":"HEAT \u2013 High Elevation Atmospheric Telescopes El Observatorio Auger fue dise\u00f1ado para observar cascadas de part\u00edculas, producidas por rayos c\u00f3smicos de energ\u00edas de m\u00e1s de 1018\u00a0electr\u00f3n-voltios (eV). Ahora, el proyecto HEAT (por su nombre en ingl\u00e9s: High Elevation Atmospheric Telescopes) permite detectar rayos c\u00f3smicos con energ\u00edas diez veces m\u00e1s bajas (1017\u00a0eV), utilizando telescopios de fluorescencia&hellip;","_links":{"self":[{"href":"https:\/\/visitantes.auger.org.ar\/index.php\/wp-json\/wp\/v2\/pages\/5113","targetHints":{"allow":["GET"]}}],"collection":[{"href":"https:\/\/visitantes.auger.org.ar\/index.php\/wp-json\/wp\/v2\/pages"}],"about":[{"href":"https:\/\/visitantes.auger.org.ar\/index.php\/wp-json\/wp\/v2\/types\/page"}],"author":[{"embeddable":true,"href":"https:\/\/visitantes.auger.org.ar\/index.php\/wp-json\/wp\/v2\/users\/6"}],"replies":[{"embeddable":true,"href":"https:\/\/visitantes.auger.org.ar\/index.php\/wp-json\/wp\/v2\/comments?post=5113"}],"version-history":[{"count":10,"href":"https:\/\/visitantes.auger.org.ar\/index.php\/wp-json\/wp\/v2\/pages\/5113\/revisions"}],"predecessor-version":[{"id":7622,"href":"https:\/\/visitantes.auger.org.ar\/index.php\/wp-json\/wp\/v2\/pages\/5113\/revisions\/7622"}],"wp:attachment":[{"href":"https:\/\/visitantes.auger.org.ar\/index.php\/wp-json\/wp\/v2\/media?parent=5113"}],"curies":[{"name":"wp","href":"https:\/\/api.w.org\/{rel}","templated":true}]}}