{"id":5146,"date":"2023-07-18T12:07:34","date_gmt":"2023-07-18T12:07:34","guid":{"rendered":"https:\/\/visitantes.auger.org.ar\/?page_id=5146"},"modified":"2024-07-17T09:16:52","modified_gmt":"2024-07-17T12:16:52","slug":"infill","status":"publish","type":"page","link":"https:\/\/visitantes.auger.org.ar\/index.php\/infill\/","title":{"rendered":"INFILL"},"content":{"rendered":"\t\t<div data-elementor-type=\"wp-page\" data-elementor-id=\"5146\" class=\"elementor elementor-5146\">\n\t\t\t\t\t\t<section class=\"elementor-section elementor-top-section elementor-element elementor-element-e697524 elementor-section-full_width elementor-section-height-min-height elementor-section-height-default elementor-section-items-middle\" data-id=\"e697524\" data-element_type=\"section\" data-e-type=\"section\" data-settings=\"{&quot;background_background&quot;:&quot;classic&quot;}\">\n\t\t\t\t\t\t\t<div class=\"elementor-background-overlay\"><\/div>\n\t\t\t\t\t\t\t<div class=\"elementor-container elementor-column-gap-default\">\n\t\t\t\t\t<div class=\"elementor-column elementor-col-100 elementor-top-column elementor-element elementor-element-67bdf1dd\" data-id=\"67bdf1dd\" data-element_type=\"column\" data-e-type=\"column\">\n\t\t\t<div class=\"elementor-widget-wrap elementor-element-populated\">\n\t\t\t\t\t\t<div class=\"elementor-element elementor-element-1ef40a1f elementor-widget elementor-widget-heading\" data-id=\"1ef40a1f\" data-element_type=\"widget\" data-e-type=\"widget\" data-widget_type=\"heading.default\">\n\t\t\t\t<div class=\"elementor-widget-container\">\n\t\t\t\t\t<h2 class=\"elementor-heading-title elementor-size-default\">INFILL<\/h2>\t\t\t\t<\/div>\n\t\t\t\t<\/div>\n\t\t\t\t\t<\/div>\n\t\t<\/div>\n\t\t\t\t\t<\/div>\n\t\t<\/section>\n\t\t\t\t<section class=\"elementor-section elementor-top-section elementor-element elementor-element-18c67c6 elementor-section-boxed elementor-section-height-default elementor-section-height-default\" data-id=\"18c67c6\" data-element_type=\"section\" data-e-type=\"section\">\n\t\t\t\t\t\t<div class=\"elementor-container elementor-column-gap-default\">\n\t\t\t\t\t<div class=\"elementor-column elementor-col-100 elementor-top-column elementor-element elementor-element-fd34312\" data-id=\"fd34312\" data-element_type=\"column\" data-e-type=\"column\">\n\t\t\t<div class=\"elementor-widget-wrap elementor-element-populated\">\n\t\t\t\t\t\t<div class=\"elementor-element elementor-element-cfbbf76 elementor-widget elementor-widget-text-editor\" data-id=\"cfbbf76\" data-element_type=\"widget\" data-e-type=\"widget\" data-widget_type=\"text-editor.default\">\n\t\t\t\t<div class=\"elementor-widget-container\">\n\t\t\t\t\t\t\t\t\t<div class=\"column mcb-column one column_image \"><div class=\"image_frame image_item no_link scale-with-grid aligncenter no_border\"><div class=\"image_wrapper\"><img fetchpriority=\"high\" decoding=\"async\" class=\"scale-with-grid\" src=\"https:\/\/visitantes.auger.org.ar\/wp-content\/uploads\/2018\/02\/infill2.jpg\" alt=\"infill2\" width=\"1920\" height=\"406\" \/><\/div><\/div><\/div><div class=\"column mcb-column one column_column column-margin-\"><div class=\"column_attr clearfix align_left\"><p class=\"big\"><strong>El proyecto Infill consiste en 85 parejas de detectores de superficie ubicados a 750 metros de separaci\u00f3n y 24 detectores a 433 metros de distancia unos de otros, para estudiar lluvias c\u00f3smicas productos de rayos c\u00f3smicos de bajas energ\u00edas y por lo tanto con una menor extensi\u00f3n. \u00a0<\/strong><\/p><p><strong>Este Infill trabaja en conjunto con los contadores de muones de UMC, los telescopios HEAT y las antenas de Radio-Detecci\u00f3n.<\/strong><\/p><\/div><\/div>\t\t\t\t\t\t\t\t<\/div>\n\t\t\t\t<\/div>\n\t\t\t\t\t<\/div>\n\t\t<\/div>\n\t\t\t\t\t<\/div>\n\t\t<\/section>\n\t\t\t\t<\/div>\n\t\t","protected":false},"excerpt":{"rendered":"<p>INFILL El proyecto Infill consiste en 85 parejas de detectores de superficie ubicados a 750 metros de separaci\u00f3n y 24 detectores a 433 metros de distancia unos de otros, para estudiar lluvias c\u00f3smicas productos de rayos c\u00f3smicos de bajas energ\u00edas y por lo tanto con una menor extensi\u00f3n. \u00a0 Este Infill trabaja en conjunto con [&hellip;]<\/p>\n","protected":false},"author":6,"featured_media":0,"parent":0,"menu_order":0,"comment_status":"closed","ping_status":"closed","template":"","meta":{"footnotes":""},"class_list":["post-5146","page","type-page","status-publish","hentry"],"jetpack_sharing_enabled":true,"rttpg_featured_image_url":null,"rttpg_author":{"display_name":"Beatriz Garcia","author_link":"https:\/\/visitantes.auger.org.ar\/index.php\/author\/beatriz\/"},"rttpg_comment":0,"rttpg_category":null,"rttpg_excerpt":"INFILL El proyecto Infill consiste en 85 parejas de detectores de superficie ubicados a 750 metros de separaci\u00f3n y 24 detectores a 433 metros de distancia unos de otros, para estudiar lluvias c\u00f3smicas productos de rayos c\u00f3smicos de bajas energ\u00edas y por lo tanto con una menor extensi\u00f3n. \u00a0 Este Infill trabaja en conjunto con&hellip;","_links":{"self":[{"href":"https:\/\/visitantes.auger.org.ar\/index.php\/wp-json\/wp\/v2\/pages\/5146","targetHints":{"allow":["GET"]}}],"collection":[{"href":"https:\/\/visitantes.auger.org.ar\/index.php\/wp-json\/wp\/v2\/pages"}],"about":[{"href":"https:\/\/visitantes.auger.org.ar\/index.php\/wp-json\/wp\/v2\/types\/page"}],"author":[{"embeddable":true,"href":"https:\/\/visitantes.auger.org.ar\/index.php\/wp-json\/wp\/v2\/users\/6"}],"replies":[{"embeddable":true,"href":"https:\/\/visitantes.auger.org.ar\/index.php\/wp-json\/wp\/v2\/comments?post=5146"}],"version-history":[{"count":10,"href":"https:\/\/visitantes.auger.org.ar\/index.php\/wp-json\/wp\/v2\/pages\/5146\/revisions"}],"predecessor-version":[{"id":7646,"href":"https:\/\/visitantes.auger.org.ar\/index.php\/wp-json\/wp\/v2\/pages\/5146\/revisions\/7646"}],"wp:attachment":[{"href":"https:\/\/visitantes.auger.org.ar\/index.php\/wp-json\/wp\/v2\/media?parent=5146"}],"curies":[{"name":"wp","href":"https:\/\/api.w.org\/{rel}","templated":true}]}}