{"id":5191,"date":"2023-07-18T12:44:20","date_gmt":"2023-07-18T12:44:20","guid":{"rendered":"https:\/\/visitantes.auger.org.ar\/?page_id=5191"},"modified":"2024-07-17T09:23:38","modified_gmt":"2024-07-17T12:23:38","slug":"feria-de-ciencias-auger-2019-2","status":"publish","type":"page","link":"https:\/\/visitantes.auger.org.ar\/index.php\/feria-de-ciencias-auger-2019-2\/","title":{"rendered":"Feria de Ciencias Auger 2019"},"content":{"rendered":"\t\t<div data-elementor-type=\"wp-page\" data-elementor-id=\"5191\" class=\"elementor elementor-5191\">\n\t\t\t\t\t\t<section class=\"elementor-section elementor-top-section elementor-element elementor-element-62d855c3 elementor-section-full_width elementor-section-height-min-height elementor-section-height-default elementor-section-items-middle\" data-id=\"62d855c3\" data-element_type=\"section\" data-e-type=\"section\" data-settings=\"{&quot;background_background&quot;:&quot;classic&quot;}\">\n\t\t\t\t\t\t\t<div class=\"elementor-background-overlay\"><\/div>\n\t\t\t\t\t\t\t<div class=\"elementor-container elementor-column-gap-default\">\n\t\t\t\t\t<div class=\"elementor-column elementor-col-100 elementor-top-column elementor-element elementor-element-4373c580\" data-id=\"4373c580\" data-element_type=\"column\" data-e-type=\"column\">\n\t\t\t<div class=\"elementor-widget-wrap elementor-element-populated\">\n\t\t\t\t\t\t<div class=\"elementor-element elementor-element-55088330 elementor-widget elementor-widget-heading\" data-id=\"55088330\" data-element_type=\"widget\" data-e-type=\"widget\" data-widget_type=\"heading.default\">\n\t\t\t\t<div class=\"elementor-widget-container\">\n\t\t\t\t\t<h2 class=\"elementor-heading-title elementor-size-default\">FERIA DE CIENCIAS AUGER 2019<\/h2>\t\t\t\t<\/div>\n\t\t\t\t<\/div>\n\t\t\t\t\t<\/div>\n\t\t<\/div>\n\t\t\t\t\t<\/div>\n\t\t<\/section>\n\t\t\t\t<section class=\"elementor-section elementor-top-section elementor-element elementor-element-e3aacae elementor-section-boxed elementor-section-height-default elementor-section-height-default\" data-id=\"e3aacae\" data-element_type=\"section\" data-e-type=\"section\">\n\t\t\t\t\t\t<div class=\"elementor-container elementor-column-gap-default\">\n\t\t\t\t\t<div class=\"elementor-column elementor-col-100 elementor-top-column elementor-element elementor-element-dbb8794\" data-id=\"dbb8794\" data-element_type=\"column\" data-e-type=\"column\">\n\t\t\t<div class=\"elementor-widget-wrap elementor-element-populated\">\n\t\t\t\t\t\t<div class=\"elementor-element elementor-element-be2d3b1 elementor-widget elementor-widget-text-editor\" data-id=\"be2d3b1\" data-element_type=\"widget\" data-e-type=\"widget\" data-widget_type=\"text-editor.default\">\n\t\t\t\t<div class=\"elementor-widget-container\">\n\t\t\t\t\t\t\t\t\t<p><b><img decoding=\"async\" class=\"alignnone size-medium wp-image-3145\" src=\"https:\/\/visitantes.auger.org.ar\/wp-content\/uploads\/2019\/05\/LOGO-FERIA-DE-CIENCIAS-2019-red2-300x150.jpg\" sizes=\"(max-width: 300px) 100vw, 300px\" srcset=\"https:\/\/visitantes.auger.org.ar\/wp-content\/uploads\/2019\/05\/LOGO-FERIA-DE-CIENCIAS-2019-red2-300x150.jpg 300w, https:\/\/visitantes.auger.org.ar\/wp-content\/uploads\/2019\/05\/LOGO-FERIA-DE-CIENCIAS-2019-red2-768x385.jpg 768w, https:\/\/visitantes.auger.org.ar\/wp-content\/uploads\/2019\/05\/LOGO-FERIA-DE-CIENCIAS-2019-red2-1024x513.jpg 1024w, https:\/\/visitantes.auger.org.ar\/wp-content\/uploads\/2019\/05\/LOGO-FERIA-DE-CIENCIAS-2019-red2-260x130.jpg 260w, https:\/\/visitantes.auger.org.ar\/wp-content\/uploads\/2019\/05\/LOGO-FERIA-DE-CIENCIAS-2019-red2-50x25.jpg 50w, https:\/\/visitantes.auger.org.ar\/wp-content\/uploads\/2019\/05\/LOGO-FERIA-DE-CIENCIAS-2019-red2-150x75.jpg 150w\" alt=\"\" width=\"300\" height=\"150\" \/><\/b><\/p><h3><b>7\u00b0 FERIA DE CIENCIAS DEL OBSERVATORIO PIERRE AUGER<\/b><\/h3><p><i>\u201cLa imaginaci\u00f3n frecuentemente nos llevar\u00e1 a mundos que jam\u00e1s fueron.\u00a0\u00a0<\/i><i>Pero sin ella, no iremos a ning\u00fan lado\u201d\u00a0\u00a0<\/i><i>Carl Sagan<\/i><\/p><p><strong>Declarada de Inter\u00e9s por la Honrable C\u00e1mara de Diputados de la Provincia de Mendoza (Resoluci\u00f3n 425)<\/strong><\/p><p>La Feria de Ciencias del Observatorio Pierre Auger tiene por fin brindar un espacio en el que les estudiantes puedan mostrar sus habilidades en investigaci\u00f3n y su comprensi\u00f3n para lograr nuevos conocimientos mediante el\u00a0m\u00e9todo cient\u00edfico.<\/p><p>Para ello, no s\u00f3lo podr\u00e1n exponer sus trabajos desarrollados junto con sus compa\u00f1eros bajo la gu\u00eda de sus docentes, sino que tambi\u00e9n compartir\u00e1n sus experiencias en un \u00e1mbito donde se los orientar\u00e1 en la manera en que la Ciencia progresa, alentando el intercambio con los expositores \u00a0y con los investigadores del Observatorio Pierre Auger.<\/p><hr \/><h3><strong>19 De Noviembre De 2019<\/strong><\/h3><h5>Durante Los Dias 14 Y 15 De Noviembre De 2019 Se Desarroll\u00f3 Con Todo \u00c9xito La Feria De Ciencias\u00a0 Del Observatorio Pierre Auger<\/h5><h5>Agradecemos A Los Participantes, Jurados, Staff Del Observatorio, Colaborradores De CNEA, ITeDA Y UTN-FRM Quienes Fueron Los Protagonistas De Este Evento, Que Marc\u00f3 Un Punto De Inflexi\u00f3n En La Comunicaci\u00f3n De La Ciencia Con El P\u00fablico Desde El Observatorio.<\/h5><h6>En El Transcurso De Los D\u00edas, Iremos Dando A Conocer Los Proyectos Presentados Y Compartiremos Las Conclusiones De La Feria.<\/h6><h5>Deseamos Dar La GRACIAS A Todos, Augurarles Un Futuro Promisorio En El Camino De Comprender El Funcionamiento De La Naturaleza E Invitarlos Para La VIII Feria.<\/h5><h4><em><strong>Hasta Noviembre De 2021!<\/strong><\/em><\/h4><p><b><img fetchpriority=\"high\" decoding=\"async\" class=\"aligncenter wp-image-3376 size-large\" src=\"https:\/\/visitantes.auger.org.ar\/wp-content\/uploads\/2019\/11\/DSC_7945-1024x683.jpg\" sizes=\"(max-width: 1024px) 100vw, 1024px\" srcset=\"https:\/\/visitantes.auger.org.ar\/wp-content\/uploads\/2019\/11\/DSC_7945-1024x683.jpg 1024w, https:\/\/visitantes.auger.org.ar\/wp-content\/uploads\/2019\/11\/DSC_7945-300x200.jpg 300w, https:\/\/visitantes.auger.org.ar\/wp-content\/uploads\/2019\/11\/DSC_7945-768x512.jpg 768w, https:\/\/visitantes.auger.org.ar\/wp-content\/uploads\/2019\/11\/DSC_7945-219x146.jpg 219w, https:\/\/visitantes.auger.org.ar\/wp-content\/uploads\/2019\/11\/DSC_7945-50x33.jpg 50w, https:\/\/visitantes.auger.org.ar\/wp-content\/uploads\/2019\/11\/DSC_7945-113x75.jpg 113w\" alt=\"\" width=\"1024\" height=\"683\" \/><\/b><\/p><p>Foto: Mariel Cayl\u00e1, Prensa CNEA<\/p><h3>Galer\u00eda De Im\u00e1genes\u00a0<a href=\"https:\/\/drive.google.com\/open?id=1DYL_MaQcZXiqOieg_dep9hSqi5k4erXU\">AQU\u00cd<\/a><\/h3><p>\u2014\u2014\u2014\u2014\u2014\u2014\u2014\u2014\u2014\u2014\u2014\u2014\u2014\u2014\u2014\u2014\u2014\u2014\u2014\u2014\u2014\u2014\u2014\u2014\u2014\u2014\u2014\u2014\u2014\u2014\u2014\u2014\u2014\u2014<\/p><h4>26 De Septiembre De 2019<\/h4><h5>Los Organizadores De La Feria Agradecen Las Donaciones Recibidas, Que Ser\u00e1n Destinadas A Los Reconocimientos Que Se Entregar\u00e1n A Los Participantes. Por Ello, A:<\/h5><table dir=\"ltr\" border=\"1\" width=\"500\" cellspacing=\"0\" cellpadding=\"0\"><tbody><tr><td><h5>Sijbrand Snow<\/h5><\/td><\/tr><tr><td><h5>Marcus Niechciol<\/h5><\/td><\/tr><tr><td><h5>Charles Timmermans<\/h5><\/td><\/tr><tr><td><h5>Bartol Research Institute, Department Of Physics And Astronomy,\u00a0University Of Delaware<\/h5><\/td><\/tr><\/tbody><\/table><h4><strong>Muchas Gracias!<\/strong><\/h4><hr \/><h4>11 De Junio De 2019<\/h4><h5>Se Realiz\u00f3 La Conferencia De Prensa Anunciando La 7a Feria De Ciencias El Observatorio Auger<\/h5><p><b><span lang=\"en-US\">\u00a0\u00a0<img decoding=\"async\" class=\"alignnone wp-image-3172 size-medium\" src=\"https:\/\/visitantes.auger.org.ar\/wp-content\/uploads\/2019\/06\/IMG_8488-300x200.jpg\" sizes=\"(max-width: 300px) 100vw, 300px\" srcset=\"https:\/\/visitantes.auger.org.ar\/wp-content\/uploads\/2019\/06\/IMG_8488-300x200.jpg 300w, https:\/\/visitantes.auger.org.ar\/wp-content\/uploads\/2019\/06\/IMG_8488-768x512.jpg 768w, https:\/\/visitantes.auger.org.ar\/wp-content\/uploads\/2019\/06\/IMG_8488-1024x682.jpg 1024w, https:\/\/visitantes.auger.org.ar\/wp-content\/uploads\/2019\/06\/IMG_8488-219x146.jpg 219w, https:\/\/visitantes.auger.org.ar\/wp-content\/uploads\/2019\/06\/IMG_8488-50x33.jpg 50w, https:\/\/visitantes.auger.org.ar\/wp-content\/uploads\/2019\/06\/IMG_8488-113x75.jpg 113w\" alt=\"\" width=\"300\" height=\"200\" \/>\u00a0\u00a0\u00a0\u00a0<img loading=\"lazy\" decoding=\"async\" class=\"alignnone size-medium wp-image-3173\" src=\"https:\/\/visitantes.auger.org.ar\/wp-content\/uploads\/2019\/06\/IMG_8502-300x200.jpg\" sizes=\"(max-width: 300px) 100vw, 300px\" srcset=\"https:\/\/visitantes.auger.org.ar\/wp-content\/uploads\/2019\/06\/IMG_8502-300x200.jpg 300w, https:\/\/visitantes.auger.org.ar\/wp-content\/uploads\/2019\/06\/IMG_8502-768x512.jpg 768w, https:\/\/visitantes.auger.org.ar\/wp-content\/uploads\/2019\/06\/IMG_8502-1024x682.jpg 1024w, https:\/\/visitantes.auger.org.ar\/wp-content\/uploads\/2019\/06\/IMG_8502-219x146.jpg 219w, https:\/\/visitantes.auger.org.ar\/wp-content\/uploads\/2019\/06\/IMG_8502-50x33.jpg 50w, https:\/\/visitantes.auger.org.ar\/wp-content\/uploads\/2019\/06\/IMG_8502-113x75.jpg 113w\" alt=\"\" width=\"300\" height=\"200\" \/><\/span><\/b><\/p><h5>Mas Info En:\u00a0<a href=\"https:\/\/www.malargueadiario.com\/se-abrio-la-convocatoria-para-la-7-edicion-de-la-feria-de-ciencias-del-observatorio-pierre-auger\/\">Malargueadiario<\/a><\/h5><h4>\u00a0<\/h4><h4><strong>Qui\u00e9nes Pueden Participar?<\/strong><\/h4><p>Todos les estudiantes de las escuelas de todo el pa\u00eds, tanto del nivel primario y secundario, como tambi\u00e9n las categor\u00edas de educaci\u00f3n de adultos (CENS y CEBJA) y educaci\u00f3n especial.<\/p><p>La inscripci\u00f3n a la Feria de Ciencias es libre y gratuita.<\/p><h4><b>Categor\u00edas Y Ejes Tem\u00e1ticos<\/b><\/h4><p><em><strong>Categor\u00edas:<\/strong><\/em><\/p><ul><li>Ciencias Naturales<\/li><li>Ciencias Exactas<\/li><li>Tecnolog\u00eda<\/li><li>Arte y Ciencia<\/li><\/ul><p><strong><em>Ejes Tem\u00e1ticos<\/em><\/strong><\/p><ol><li><p class=\"western\"><span lang=\"es-AR\">El 20<\/span><sup><span lang=\"es-AR\">o\u00a0<\/span><\/sup><span lang=\"es-AR\">aniversario del Observatorio Pierre Auger.<\/span><\/p><\/li><li><p class=\"western\"><span lang=\"es-AR\">El centenario de la Uni\u00f3n Astron\u00f3mica Internacional (UAI)<\/span><\/p><\/li><li><p class=\"western\"><span lang=\"es-AR\">El 50<\/span><sup><span lang=\"es-AR\">o<\/span><\/sup><span lang=\"es-AR\">\u00a0aniversario del primer alunizaje.<\/span><\/p><\/li><li><p class=\"western\"><span lang=\"es-AR\">El A\u00f1o Internacional de la Tabla Peri\u00f3dica de los Elementos.<\/span><\/p><\/li><li><p class=\"western\"><span lang=\"es-AR\">El centenario del hist\u00f3rico eclipse de 1919, a partir del cual se corrobor\u00f3 la primera predicci\u00f3n de la Relatividad General.<\/span><\/p><\/li><li><p class=\"western\"><a name=\"_GoBack1111\"><\/a><span lang=\"es-AR\">El eclipse total de Sol, del 2 de julio de 2019.<\/span><\/p><\/li><li><p class=\"western\"><span lang=\"es-AR\">La campa\u00f1a global para reducir la contaminaci\u00f3n lum\u00ednica, apoyada por la UAI.<\/span><\/p><\/li><li><p class=\"western\"><span lang=\"es-AR\">El A\u00f1o Internacional de las Lenguas Abor\u00edgenes.<\/span><\/p><\/li><li><p class=\"western\"><span lang=\"es-AR\">Las mujeres cient\u00edficas: astronom\u00eda para la igualdad y la inclusi\u00f3n<\/span><span lang=\"es-AR\">.<\/span><\/p><\/li><\/ol><h4><strong><span lang=\"en-US\">Lugar Y Fecha<\/span><\/strong><b><span lang=\"en-US\"><br \/><\/span><\/b><\/h4><p class=\"western\" align=\"justify\">La 7\u00b0 edici\u00f3n de la Feria de Ciencias del Observatorio Pierre Auger se llevar\u00e1 a cabo los d\u00edas 14 y 15 de noviembre de 2019, con stands preparados en el Edificio del Observatorio Pierre Auger, en Malarg\u00fce.<\/p><h4>Ver Ubicaci\u00f3n [<a href=\"https:\/\/goo.gl\/maps\/bTagMesC2XJYSxBS9\">AQU\u00cd<\/a>]<\/h4><h4>Gacetilla De Prensa 2019 [<a href=\"https:\/\/visitantes.auger.org.ar\/wp-content\/uploads\/2019\/07\/Gacetilla-de-Prensa-FC19-11-Junio-2019.pdf\">AQU\u00cd<\/a>]<\/h4><h4>Descargar Las Bases Y Condiciones Para Participar\u00a0 2019 [<a href=\"https:\/\/visitantes.auger.org.ar\/wp-content\/uploads\/2019\/06\/ObservatorioPierreAuger-PautasFeria-de-Ciencias-2019-FINAL-inc.pdf\">AQU\u00cd<\/a>]<\/h4><h4>Descargar Reglamento De La Feria De Ciencias 2019 [<a href=\"https:\/\/visitantes.auger.org.ar\/wp-content\/uploads\/2019\/07\/REGLAMENTO-FERIA-CIENCIAS-2019-PAO-FINAL2-inc.pdf\">AQU\u00cd<\/a>]<\/h4><h4><strong>Descargar Afiche [<a class=\"fancybox image\" href=\"https:\/\/visitantes.auger.org.ar\/wp-content\/uploads\/2019\/08\/afiche-Feria-de-ciencias2019-web.jpg\" rel=\"gallery\" aria-controls=\"fancybox-wrap\" aria-haspopup=\"dialog\">AQU\u00cd<\/a>]<\/strong><\/h4><h5>CONTACTO: Feria@Auger.Org.Ar<\/h5>\t\t\t\t\t\t\t\t<\/div>\n\t\t\t\t<\/div>\n\t\t\t\t\t<\/div>\n\t\t<\/div>\n\t\t\t\t\t<\/div>\n\t\t<\/section>\n\t\t\t\t<\/div>\n\t\t","protected":false},"excerpt":{"rendered":"<p>FERIA DE CIENCIAS AUGER 2019 7\u00b0 FERIA DE CIENCIAS DEL OBSERVATORIO PIERRE AUGER \u201cLa imaginaci\u00f3n frecuentemente nos llevar\u00e1 a mundos que jam\u00e1s fueron.\u00a0\u00a0Pero sin ella, no iremos a ning\u00fan lado\u201d\u00a0\u00a0Carl Sagan Declarada de Inter\u00e9s por la Honrable C\u00e1mara de Diputados de la Provincia de Mendoza (Resoluci\u00f3n 425) La Feria de Ciencias del Observatorio Pierre Auger [&hellip;]<\/p>\n","protected":false},"author":6,"featured_media":0,"parent":0,"menu_order":0,"comment_status":"closed","ping_status":"closed","template":"","meta":{"footnotes":""},"class_list":["post-5191","page","type-page","status-publish","hentry"],"jetpack_sharing_enabled":true,"rttpg_featured_image_url":null,"rttpg_author":{"display_name":"Beatriz Garcia","author_link":"https:\/\/visitantes.auger.org.ar\/index.php\/author\/beatriz\/"},"rttpg_comment":0,"rttpg_category":null,"rttpg_excerpt":"FERIA DE CIENCIAS AUGER 2019 7\u00b0 FERIA DE CIENCIAS DEL OBSERVATORIO PIERRE AUGER \u201cLa imaginaci\u00f3n frecuentemente nos llevar\u00e1 a mundos que jam\u00e1s fueron.\u00a0\u00a0Pero sin ella, no iremos a ning\u00fan lado\u201d\u00a0\u00a0Carl Sagan Declarada de Inter\u00e9s por la Honrable C\u00e1mara de Diputados de la Provincia de Mendoza (Resoluci\u00f3n 425) La Feria de Ciencias del Observatorio Pierre Auger&hellip;","_links":{"self":[{"href":"https:\/\/visitantes.auger.org.ar\/index.php\/wp-json\/wp\/v2\/pages\/5191","targetHints":{"allow":["GET"]}}],"collection":[{"href":"https:\/\/visitantes.auger.org.ar\/index.php\/wp-json\/wp\/v2\/pages"}],"about":[{"href":"https:\/\/visitantes.auger.org.ar\/index.php\/wp-json\/wp\/v2\/types\/page"}],"author":[{"embeddable":true,"href":"https:\/\/visitantes.auger.org.ar\/index.php\/wp-json\/wp\/v2\/users\/6"}],"replies":[{"embeddable":true,"href":"https:\/\/visitantes.auger.org.ar\/index.php\/wp-json\/wp\/v2\/comments?post=5191"}],"version-history":[{"count":7,"href":"https:\/\/visitantes.auger.org.ar\/index.php\/wp-json\/wp\/v2\/pages\/5191\/revisions"}],"predecessor-version":[{"id":7706,"href":"https:\/\/visitantes.auger.org.ar\/index.php\/wp-json\/wp\/v2\/pages\/5191\/revisions\/7706"}],"wp:attachment":[{"href":"https:\/\/visitantes.auger.org.ar\/index.php\/wp-json\/wp\/v2\/media?parent=5191"}],"curies":[{"name":"wp","href":"https:\/\/api.w.org\/{rel}","templated":true}]}}