{"id":9529,"date":"2025-09-13T16:22:46","date_gmt":"2025-09-13T19:22:46","guid":{"rendered":"https:\/\/visitantes.auger.org.ar\/?page_id=9529"},"modified":"2025-09-13T19:41:34","modified_gmt":"2025-09-13T22:41:34","slug":"hemeroteca-del-observatorio-pierre-auger","status":"publish","type":"page","link":"https:\/\/visitantes.auger.org.ar\/index.php\/hemeroteca-del-observatorio-pierre-auger\/","title":{"rendered":"Hemeroteca del Observatorio Pierre Auger"},"content":{"rendered":"\t\t<div data-elementor-type=\"wp-page\" data-elementor-id=\"9529\" class=\"elementor elementor-9529\">\n\t\t\t\t\t\t<section class=\"elementor-section elementor-top-section elementor-element elementor-element-5d560d52 elementor-section-boxed elementor-section-height-default elementor-section-height-default\" data-id=\"5d560d52\" data-element_type=\"section\" data-e-type=\"section\">\n\t\t\t\t\t\t<div class=\"elementor-container elementor-column-gap-default\">\n\t\t\t\t\t<div class=\"elementor-column elementor-col-100 elementor-top-column elementor-element elementor-element-3f33f362\" data-id=\"3f33f362\" data-element_type=\"column\" data-e-type=\"column\">\n\t\t\t<div class=\"elementor-widget-wrap elementor-element-populated\">\n\t\t\t\t\t\t<div class=\"elementor-element elementor-element-16ae989c elementor-widget elementor-widget-text-editor\" data-id=\"16ae989c\" data-element_type=\"widget\" data-e-type=\"widget\" data-widget_type=\"text-editor.default\">\n\t\t\t\t<div class=\"elementor-widget-container\">\n\t\t\t\t\t\t\t\t\t<p><img fetchpriority=\"high\" decoding=\"async\" class=\"alignleft wp-image-9541 size-large\" src=\"https:\/\/visitantes.auger.org.ar\/wp-content\/uploads\/2025\/09\/fig1-1024x607.jpg\" alt=\"\" width=\"800\" height=\"474\" srcset=\"https:\/\/visitantes.auger.org.ar\/wp-content\/uploads\/2025\/09\/fig1-1024x607.jpg 1024w, https:\/\/visitantes.auger.org.ar\/wp-content\/uploads\/2025\/09\/fig1-300x178.jpg 300w, https:\/\/visitantes.auger.org.ar\/wp-content\/uploads\/2025\/09\/fig1-768x455.jpg 768w, https:\/\/visitantes.auger.org.ar\/wp-content\/uploads\/2025\/09\/fig1-1536x910.jpg 1536w, https:\/\/visitantes.auger.org.ar\/wp-content\/uploads\/2025\/09\/fig1-2048x1213.jpg 2048w\" sizes=\"(max-width: 800px) 100vw, 800px\" \/><\/p>\n<p>La aparici\u00f3n de las publicaciones peri\u00f3dicas estuvo relacionada con el surgimiento de las hemerotecas. En el siglo XIII emergieron los avisos y en el XVI se hicieron impresos y las hojas volantes comenzaron a circular. En el siglo XVII aparecieron en Europa las gacetas, con frecuencia semanal, la informaci\u00f3n se centraba en la pol\u00edtica exterior. Con el tiempo las hojas peri\u00f3dicas semanales o quincenales con una informaci\u00f3n general se hicieron parte de la vida cotidiana, y tambi\u00e9n aparecieron los mercurios en Inglaterra, que transmit\u00edan informaci\u00f3n sat\u00edrica y pol\u00edtica. En el siglo XIX comienzan a publicarse peri\u00f3dicos ilustrados y revistas especializadas similares a las actuales.<\/p>\n<p>\u00a0<\/p>\n<p><!-- \/wp:paragraph --><!-- wp:paragraph --><\/p>\n<p>La primera hemeroteca argentina es la que originalmente se llam\u00f3 Biblioteca P\u00fablica de Buenos Aires. Fundada por Mariano Moreno el 13 de septiembre de 1810, abri\u00f3 sus puertas al p\u00fablico el 16 de marzo de 1812.<\/p>\n<p><!-- \/wp:paragraph --><!-- wp:paragraph --><\/p>\n<p>Con el fin de preservar la memoria hist\u00f3rica del Observatorio Pierre Auger y garantizar el derecho a la informaci\u00f3n, inauguramos hoy, 13 de septiembre de 2025, su hemeroteca, con noticias desde el a\u00f1o 1996, en su version en papel y digital.<\/p>\n<p><!-- \/wp:paragraph --><!-- wp:paragraph --><\/p>\n<p>La Hemeroteca se ir\u00e1 actualizando peri\u00f3dicamente.<\/p>\n<p>\u00a0<\/p>\n<p><!-- \/wp:paragraph --><!-- wp:paragraph --><\/p>\n<p><span style=\"text-decoration: underline;\"><strong>VERSI\u00d3N DIGITAL DE NOTICIAS PERI\u00d3DISTICAS SOBRE EL OBSERVATORIO PIERRE AUGER<\/strong><\/span><\/p>\n<p><!-- \/wp:paragraph --><!-- wp:paragraph --><\/p>\n<p><a href=\"https:\/\/drive.google.com\/file\/d\/1lWxrtf7mU4dCusbNUNjMkPBLVowxCO7G\/view?usp=sharing\"><span style=\"color: #0000ff;\">Tomo 1 &#8211; 1996-2003<\/span><\/a><\/p>\n<p><span style=\"color: #0000ff;\"><!-- \/wp:paragraph --><!-- wp:paragraph --><\/span><\/p>\n<p><span style=\"color: #0000ff;\"><a style=\"color: #0000ff;\" href=\"https:\/\/drive.google.com\/file\/d\/1pjOHJ34lwFyJNR7vCOH4cTLo_0TMtkHT\/view?usp=sharing\">Tomo 2 &#8211; 2004-2005<\/a><\/span><\/p>\n<p><span style=\"color: #0000ff;\"><!-- \/wp:paragraph --><!-- wp:paragraph --><\/span><\/p>\n<p><span style=\"color: #0000ff;\"><a style=\"color: #0000ff;\" href=\"https:\/\/drive.google.com\/file\/d\/1YBJARZ--aH2GOGfFfDGYXum6wKJDmTug\/view?usp=sharing\">Tomo 3 &#8211; 2006-2009<\/a><\/span><\/p>\n<p><span style=\"color: #0000ff;\"><!-- \/wp:paragraph --><!-- wp:paragraph --><\/span><\/p>\n<p><span style=\"color: #0000ff;\"><a style=\"color: #0000ff;\" href=\"https:\/\/drive.google.com\/file\/d\/1sZARVMw9gzCwH0nhsYGHsFLIxWJCSVLK\/view?usp=sharing\">Tomo 4 &#8211; 2010-2025<\/a><\/span><\/p>\n<p><!-- \/wp:paragraph --><!-- wp:paragraph --><\/p>\n<p><!-- \/wp:paragraph --><\/p>\t\t\t\t\t\t\t\t<\/div>\n\t\t\t\t<\/div>\n\t\t\t\t\t<\/div>\n\t\t<\/div>\n\t\t\t\t\t<\/div>\n\t\t<\/section>\n\t\t\t\t<\/div>\n\t\t","protected":false},"excerpt":{"rendered":"<p>La aparici\u00f3n de las publicaciones peri\u00f3dicas estuvo relacionada con el surgimiento de las hemerotecas. En el siglo XIII emergieron los avisos y en el XVI se hicieron impresos y las hojas volantes comenzaron a circular. En el siglo XVII aparecieron en Europa las gacetas, con frecuencia semanal, la informaci\u00f3n se centraba en la pol\u00edtica exterior. [&hellip;]<\/p>\n","protected":false},"author":6,"featured_media":9541,"parent":0,"menu_order":0,"comment_status":"closed","ping_status":"closed","template":"","meta":{"footnotes":""},"class_list":["post-9529","page","type-page","status-publish","has-post-thumbnail","hentry"],"jetpack_sharing_enabled":true,"rttpg_featured_image_url":{"full":["https:\/\/visitantes.auger.org.ar\/wp-content\/uploads\/2025\/09\/fig1.jpg",3308,1960,false],"landscape":["https:\/\/visitantes.auger.org.ar\/wp-content\/uploads\/2025\/09\/fig1.jpg",3308,1960,false],"portraits":["https:\/\/visitantes.auger.org.ar\/wp-content\/uploads\/2025\/09\/fig1.jpg",3308,1960,false],"thumbnail":["https:\/\/visitantes.auger.org.ar\/wp-content\/uploads\/2025\/09\/fig1-250x250.jpg",250,250,true],"medium":["https:\/\/visitantes.auger.org.ar\/wp-content\/uploads\/2025\/09\/fig1-300x178.jpg",300,178,true],"large":["https:\/\/visitantes.auger.org.ar\/wp-content\/uploads\/2025\/09\/fig1-1024x607.jpg",800,474,true],"1536x1536":["https:\/\/visitantes.auger.org.ar\/wp-content\/uploads\/2025\/09\/fig1-1536x910.jpg",1536,910,true],"2048x2048":["https:\/\/visitantes.auger.org.ar\/wp-content\/uploads\/2025\/09\/fig1-2048x1213.jpg",2048,1213,true]},"rttpg_author":{"display_name":"Beatriz Garcia","author_link":"https:\/\/visitantes.auger.org.ar\/index.php\/author\/beatriz\/"},"rttpg_comment":0,"rttpg_category":null,"rttpg_excerpt":"La aparici\u00f3n de las publicaciones peri\u00f3dicas estuvo relacionada con el surgimiento de las hemerotecas. En el siglo XIII emergieron los avisos y en el XVI se hicieron impresos y las hojas volantes comenzaron a circular. En el siglo XVII aparecieron en Europa las gacetas, con frecuencia semanal, la informaci\u00f3n se centraba en la pol\u00edtica exterior.&hellip;","_links":{"self":[{"href":"https:\/\/visitantes.auger.org.ar\/index.php\/wp-json\/wp\/v2\/pages\/9529","targetHints":{"allow":["GET"]}}],"collection":[{"href":"https:\/\/visitantes.auger.org.ar\/index.php\/wp-json\/wp\/v2\/pages"}],"about":[{"href":"https:\/\/visitantes.auger.org.ar\/index.php\/wp-json\/wp\/v2\/types\/page"}],"author":[{"embeddable":true,"href":"https:\/\/visitantes.auger.org.ar\/index.php\/wp-json\/wp\/v2\/users\/6"}],"replies":[{"embeddable":true,"href":"https:\/\/visitantes.auger.org.ar\/index.php\/wp-json\/wp\/v2\/comments?post=9529"}],"version-history":[{"count":8,"href":"https:\/\/visitantes.auger.org.ar\/index.php\/wp-json\/wp\/v2\/pages\/9529\/revisions"}],"predecessor-version":[{"id":9604,"href":"https:\/\/visitantes.auger.org.ar\/index.php\/wp-json\/wp\/v2\/pages\/9529\/revisions\/9604"}],"wp:featuredmedia":[{"embeddable":true,"href":"https:\/\/visitantes.auger.org.ar\/index.php\/wp-json\/wp\/v2\/media\/9541"}],"wp:attachment":[{"href":"https:\/\/visitantes.auger.org.ar\/index.php\/wp-json\/wp\/v2\/media?parent=9529"}],"curies":[{"name":"wp","href":"https:\/\/api.w.org\/{rel}","templated":true}]}}